{"id":2057,"date":"2020-08-20T15:24:54","date_gmt":"2020-08-20T13:24:54","guid":{"rendered":"https:\/\/www.hotel-du-lavarin.fr\/wellness-area\/"},"modified":"2026-02-16T08:36:40","modified_gmt":"2026-02-16T07:36:40","slug":"wellness-area","status":"publish","type":"page","link":"https:\/\/www.hotel-du-lavarin.fr\/en\/wellness-area\/","title":{"rendered":"Wellness Area"},"content":{"rendered":"\t\t<div data-elementor-type=\"wp-page\" data-elementor-id=\"2057\" class=\"elementor elementor-2057 elementor-1660\" data-elementor-post-type=\"page\">\n\t\t\t\t\t\t<section class=\"elementor-section elementor-top-section elementor-element elementor-element-0ae866c elementor-section-stretched elementor-section-full_width elementor-section-height-min-height elementor-section-items-bottom elementor-section-height-default\" data-id=\"0ae866c\" data-element_type=\"section\" data-e-type=\"section\" data-settings=\"{&quot;stretch_section&quot;:&quot;section-stretched&quot;,&quot;background_background&quot;:&quot;slideshow&quot;,&quot;shape_divider_bottom&quot;:&quot;arrow&quot;,&quot;background_slideshow_gallery&quot;:[{&quot;id&quot;:784,&quot;url&quot;:&quot;https:\\\/\\\/www.hotel-du-lavarin.fr\\\/wp-content\\\/uploads\\\/2020\\\/07\\\/espace-bien-etre-4.jpg&quot;},{&quot;id&quot;:785,&quot;url&quot;:&quot;https:\\\/\\\/www.hotel-du-lavarin.fr\\\/wp-content\\\/uploads\\\/2020\\\/07\\\/espace-bien-etre-5.jpg&quot;},{&quot;id&quot;:787,&quot;url&quot;:&quot;https:\\\/\\\/www.hotel-du-lavarin.fr\\\/wp-content\\\/uploads\\\/2020\\\/07\\\/espace-bien-etre-7.jpg&quot;}],&quot;background_slideshow_loop&quot;:&quot;yes&quot;,&quot;background_slideshow_slide_duration&quot;:5000,&quot;background_slideshow_slide_transition&quot;:&quot;fade&quot;,&quot;background_slideshow_transition_duration&quot;:500}\">\n\t\t\t\t\t\t\t<div class=\"elementor-background-overlay\"><\/div>\n\t\t\t\t\t\t<div class=\"elementor-shape elementor-shape-bottom\" aria-hidden=\"true\" data-negative=\"false\">\n\t\t\t<svg xmlns=\"http:\/\/www.w3.org\/2000\/svg\" viewBox=\"0 0 700 10\" preserveAspectRatio=\"none\">\n\t<path class=\"elementor-shape-fill\" d=\"M350,10L340,0h20L350,10z\"\/>\n<\/svg>\t\t<\/div>\n\t\t\t\t\t<div class=\"elementor-container elementor-column-gap-default\">\n\t\t\t\t\t<div class=\"elementor-column elementor-col-100 elementor-top-column elementor-element elementor-element-f117799\" data-id=\"f117799\" data-element_type=\"column\" data-e-type=\"column\">\n\t\t\t<div class=\"elementor-widget-wrap elementor-element-populated\">\n\t\t\t\t\t\t<div class=\"elementor-element elementor-element-9f1faa8 elementor-widget elementor-widget-heading\" data-id=\"9f1faa8\" data-element_type=\"widget\" data-e-type=\"widget\" data-widget_type=\"heading.default\">\n\t\t\t\t<div class=\"elementor-widget-container\">\n\t\t\t\t\t<h1 class=\"elementor-heading-title elementor-size-xxl\">SPA \/ Wellness<\/h1>\t\t\t\t<\/div>\n\t\t\t\t<\/div>\n\t\t\t\t<div class=\"elementor-element elementor-element-c5dbdd6 elementor-widget-divider--view-line elementor-widget elementor-widget-divider\" data-id=\"c5dbdd6\" data-element_type=\"widget\" data-e-type=\"widget\" data-widget_type=\"divider.default\">\n\t\t\t\t<div class=\"elementor-widget-container\">\n\t\t\t\t\t\t\t<div class=\"elementor-divider\">\n\t\t\t<span class=\"elementor-divider-separator\">\n\t\t\t\t\t\t<\/span>\n\t\t<\/div>\n\t\t\t\t\t\t<\/div>\n\t\t\t\t<\/div>\n\t\t\t\t\t<\/div>\n\t\t<\/div>\n\t\t\t\t\t<\/div>\n\t\t<\/section>\n\t\t\t\t<section class=\"elementor-section elementor-top-section elementor-element elementor-element-18e7825 elementor-reverse-tablet elementor-section-boxed elementor-section-height-default elementor-section-height-default\" data-id=\"18e7825\" data-element_type=\"section\" data-e-type=\"section\">\n\t\t\t\t\t\t<div class=\"elementor-container elementor-column-gap-wider\">\n\t\t\t\t\t<div class=\"elementor-column elementor-col-100 elementor-top-column elementor-element elementor-element-d2062cb\" data-id=\"d2062cb\" data-element_type=\"column\" data-e-type=\"column\">\n\t\t\t<div class=\"elementor-widget-wrap elementor-element-populated\">\n\t\t\t\t\t\t<div class=\"elementor-element elementor-element-f53e293 elementor-widget elementor-widget-text-editor\" data-id=\"f53e293\" data-element_type=\"widget\" data-e-type=\"widget\" data-widget_type=\"text-editor.default\">\n\t\t\t\t<div class=\"elementor-widget-container\">\n\t\t\t\t\t\t\t\t\t<p>We offer all our guests free access to our wellness area: gym, swimming corridor and sauna.<\/p><p>The heated swim lane is reserved exclusively for adults.<\/p><p>The swim lane and gym are open from 7am to 9pm. The sauna is open from 7am to 11am and from 4pm to 8 pm.<\/p><p>We do not offer treatments or massages.<\/p>\t\t\t\t\t\t\t\t<\/div>\n\t\t\t\t<\/div>\n\t\t\t\t\t<\/div>\n\t\t<\/div>\n\t\t\t\t\t<\/div>\n\t\t<\/section>\n\t\t\t\t<section class=\"elementor-section elementor-top-section elementor-element elementor-element-089428c elementor-reverse-tablet elementor-section-boxed elementor-section-height-default elementor-section-height-default\" data-id=\"089428c\" data-element_type=\"section\" data-e-type=\"section\">\n\t\t\t\t\t\t<div class=\"elementor-container elementor-column-gap-wider\">\n\t\t\t\t\t<div class=\"elementor-column elementor-col-100 elementor-top-column elementor-element elementor-element-cb040bc\" data-id=\"cb040bc\" data-element_type=\"column\" data-e-type=\"column\">\n\t\t\t<div class=\"elementor-widget-wrap elementor-element-populated\">\n\t\t\t\t\t\t<div class=\"elementor-element elementor-element-464195f elementor-widget elementor-widget-gallery\" data-id=\"464195f\" data-element_type=\"widget\" data-e-type=\"widget\" data-settings=\"{&quot;columns&quot;:2,&quot;lazyload&quot;:&quot;yes&quot;,&quot;gallery_layout&quot;:&quot;grid&quot;,&quot;columns_tablet&quot;:2,&quot;columns_mobile&quot;:1,&quot;gap&quot;:{&quot;unit&quot;:&quot;px&quot;,&quot;size&quot;:10,&quot;sizes&quot;:[]},&quot;gap_tablet&quot;:{&quot;unit&quot;:&quot;px&quot;,&quot;size&quot;:10,&quot;sizes&quot;:[]},&quot;gap_mobile&quot;:{&quot;unit&quot;:&quot;px&quot;,&quot;size&quot;:10,&quot;sizes&quot;:[]},&quot;link_to&quot;:&quot;file&quot;,&quot;aspect_ratio&quot;:&quot;3:2&quot;,&quot;overlay_background&quot;:&quot;yes&quot;,&quot;content_hover_animation&quot;:&quot;fade-in&quot;}\" data-widget_type=\"gallery.default\">\n\t\t\t\t<div class=\"elementor-widget-container\">\n\t\t\t\t\t\t\t<div class=\"elementor-gallery__container\">\n\t\t\t\t\t\t\t<a class=\"e-gallery-item elementor-gallery-item elementor-animated-content\" href=\"https:\/\/www.hotel-du-lavarin.fr\/wp-content\/uploads\/2020\/07\/espace-bien-etre-2.jpg\" data-elementor-open-lightbox=\"yes\" data-elementor-lightbox-slideshow=\"464195f\" data-elementor-lightbox-title=\"espace-bien-etre-2\" data-e-action-hash=\"#elementor-action%3Aaction%3Dlightbox%26settings%3DeyJpZCI6NzgyLCJ1cmwiOiJodHRwczpcL1wvd3d3LmhvdGVsLWR1LWxhdmFyaW4uZnJcL3dwLWNvbnRlbnRcL3VwbG9hZHNcLzIwMjBcLzA3XC9lc3BhY2UtYmllbi1ldHJlLTIuanBnIiwic2xpZGVzaG93IjoiNDY0MTk1ZiJ9\">\n\t\t\t\t\t<div class=\"e-gallery-image elementor-gallery-item__image\" data-thumbnail=\"https:\/\/www.hotel-du-lavarin.fr\/wp-content\/uploads\/2020\/07\/espace-bien-etre-2-768x1152.jpg\" data-width=\"768\" data-height=\"1152\" aria-label=\"\" role=\"img\" ><\/div>\n\t\t\t\t\t\t\t\t\t\t\t<div class=\"elementor-gallery-item__overlay\"><\/div>\n\t\t\t\t\t\t\t\t\t\t\t\t\t\t<\/a>\n\t\t\t\t\t\t\t<a class=\"e-gallery-item elementor-gallery-item elementor-animated-content\" href=\"https:\/\/www.hotel-du-lavarin.fr\/wp-content\/uploads\/2020\/07\/espace-bien-etre-3.jpg\" data-elementor-open-lightbox=\"yes\" data-elementor-lightbox-slideshow=\"464195f\" data-elementor-lightbox-title=\"espace-bien-etre-3\" data-e-action-hash=\"#elementor-action%3Aaction%3Dlightbox%26settings%3DeyJpZCI6NzgzLCJ1cmwiOiJodHRwczpcL1wvd3d3LmhvdGVsLWR1LWxhdmFyaW4uZnJcL3dwLWNvbnRlbnRcL3VwbG9hZHNcLzIwMjBcLzA3XC9lc3BhY2UtYmllbi1ldHJlLTMuanBnIiwic2xpZGVzaG93IjoiNDY0MTk1ZiJ9\">\n\t\t\t\t\t<div class=\"e-gallery-image elementor-gallery-item__image\" data-thumbnail=\"https:\/\/www.hotel-du-lavarin.fr\/wp-content\/uploads\/2020\/07\/espace-bien-etre-3-768x512.jpg\" data-width=\"768\" data-height=\"512\" aria-label=\"\" role=\"img\" ><\/div>\n\t\t\t\t\t\t\t\t\t\t\t<div class=\"elementor-gallery-item__overlay\"><\/div>\n\t\t\t\t\t\t\t\t\t\t\t\t\t\t<\/a>\n\t\t\t\t\t\t\t<a class=\"e-gallery-item elementor-gallery-item elementor-animated-content\" href=\"https:\/\/www.hotel-du-lavarin.fr\/wp-content\/uploads\/2020\/07\/espace-bien-etre-7.jpg\" data-elementor-open-lightbox=\"yes\" data-elementor-lightbox-slideshow=\"464195f\" data-elementor-lightbox-title=\"espace-bien-etre-7\" data-e-action-hash=\"#elementor-action%3Aaction%3Dlightbox%26settings%3DeyJpZCI6Nzg3LCJ1cmwiOiJodHRwczpcL1wvd3d3LmhvdGVsLWR1LWxhdmFyaW4uZnJcL3dwLWNvbnRlbnRcL3VwbG9hZHNcLzIwMjBcLzA3XC9lc3BhY2UtYmllbi1ldHJlLTcuanBnIiwic2xpZGVzaG93IjoiNDY0MTk1ZiJ9\">\n\t\t\t\t\t<div class=\"e-gallery-image elementor-gallery-item__image\" data-thumbnail=\"https:\/\/www.hotel-du-lavarin.fr\/wp-content\/uploads\/2020\/07\/espace-bien-etre-7-768x465.jpg\" data-width=\"768\" data-height=\"465\" aria-label=\"\" role=\"img\" ><\/div>\n\t\t\t\t\t\t\t\t\t\t\t<div class=\"elementor-gallery-item__overlay\"><\/div>\n\t\t\t\t\t\t\t\t\t\t\t\t\t\t<\/a>\n\t\t\t\t\t\t\t<a class=\"e-gallery-item elementor-gallery-item elementor-animated-content\" href=\"https:\/\/www.hotel-du-lavarin.fr\/wp-content\/uploads\/2020\/07\/espace-bien-etre-6.jpg\" data-elementor-open-lightbox=\"yes\" data-elementor-lightbox-slideshow=\"464195f\" data-elementor-lightbox-title=\"espace-bien-etre-6\" data-e-action-hash=\"#elementor-action%3Aaction%3Dlightbox%26settings%3DeyJpZCI6Nzg2LCJ1cmwiOiJodHRwczpcL1wvd3d3LmhvdGVsLWR1LWxhdmFyaW4uZnJcL3dwLWNvbnRlbnRcL3VwbG9hZHNcLzIwMjBcLzA3XC9lc3BhY2UtYmllbi1ldHJlLTYuanBnIiwic2xpZGVzaG93IjoiNDY0MTk1ZiJ9\">\n\t\t\t\t\t<div class=\"e-gallery-image elementor-gallery-item__image\" data-thumbnail=\"https:\/\/www.hotel-du-lavarin.fr\/wp-content\/uploads\/2020\/07\/espace-bien-etre-6-768x512.jpg\" data-width=\"768\" data-height=\"512\" aria-label=\"\" role=\"img\" ><\/div>\n\t\t\t\t\t\t\t\t\t\t\t<div class=\"elementor-gallery-item__overlay\"><\/div>\n\t\t\t\t\t\t\t\t\t\t\t\t\t\t<\/a>\n\t\t\t\t\t<\/div>\n\t\t\t\t\t<\/div>\n\t\t\t\t<\/div>\n\t\t\t\t\t<\/div>\n\t\t<\/div>\n\t\t\t\t\t<\/div>\n\t\t<\/section>\n\t\t\t\t<section class=\"elementor-section elementor-top-section elementor-element elementor-element-8e3413a elementor-section-boxed elementor-section-height-default elementor-section-height-default\" data-id=\"8e3413a\" data-element_type=\"section\" data-e-type=\"section\">\n\t\t\t\t\t\t<div class=\"elementor-container elementor-column-gap-default\">\n\t\t\t\t\t<div class=\"elementor-column elementor-col-100 elementor-top-column elementor-element elementor-element-486f657\" data-id=\"486f657\" data-element_type=\"column\" data-e-type=\"column\">\n\t\t\t<div class=\"elementor-widget-wrap elementor-element-populated\">\n\t\t\t\t\t\t<div class=\"elementor-element elementor-element-27fb327 elementor-align-center elementor-invisible elementor-widget elementor-widget-button\" data-id=\"27fb327\" data-element_type=\"widget\" data-e-type=\"widget\" data-settings=\"{&quot;_animation&quot;:&quot;fadeInUp&quot;,&quot;_animation_delay&quot;:&quot;800&quot;}\" data-widget_type=\"button.default\">\n\t\t\t\t<div class=\"elementor-widget-container\">\n\t\t\t\t\t\t\t\t\t<div class=\"elementor-button-wrapper\">\n\t\t\t\t\t<a class=\"elementor-button elementor-button-link elementor-size-sm\" href=\"https:\/\/www.bestwestern.fr\/infos_hotel.jsp?ChainCode=BW&#038;roomStay=1&#038;sob=A15&#038;show=hbp&#038;RequestedCurrencyCode=EUR&#038;HotelCode=93529&#038;primarylangid=fr-FR&#038;&#038;jplus=3&#038;roomQuantity=1&#038;adultQuantity_1=2&#038;childQuantity_1=0&#038;lang=fr\">\n\t\t\t\t\t\t<span class=\"elementor-button-content-wrapper\">\n\t\t\t\t\t\t\t\t\t<span class=\"elementor-button-text\">Book now<\/span>\n\t\t\t\t\t<\/span>\n\t\t\t\t\t<\/a>\n\t\t\t\t<\/div>\n\t\t\t\t\t\t\t\t<\/div>\n\t\t\t\t<\/div>\n\t\t\t\t\t<\/div>\n\t\t<\/div>\n\t\t\t\t\t<\/div>\n\t\t<\/section>\n\t\t\t\t<\/div>\n\t\t","protected":false},"excerpt":{"rendered":"<p>SPA \/ Wellness We offer all our guests free access to our wellness area: gym, swimming corridor and sauna. The heated swim lane is reserved exclusively for adults. The swim lane and gym are open from 7am to 9pm. The sauna is open from 7am to 11am and from 4pm to 8 pm. We do [&hellip;]<\/p>\n","protected":false},"author":8,"featured_media":0,"parent":0,"menu_order":0,"comment_status":"closed","ping_status":"closed","template":"elementor_header_footer","meta":{"_acf_changed":false,"_seopress_robots_primary_cat":"","_seopress_titles_title":"Espace bien-\u00eatre : salle de sport, sauna, spa","_seopress_titles_desc":"un espace bien-\u00eatre ( salle de sport, couloir de nage et sauna ) ouvert de 7h00 \u00e0 11h00, sauf pour le spa qui est en fonctionnement de 16h00 \u00e0 20h00.","_seopress_robots_index":"","footnotes":""},"class_list":["post-2057","page","type-page","status-publish"],"acf":[],"_links":{"self":[{"href":"https:\/\/www.hotel-du-lavarin.fr\/en\/wp-json\/wp\/v2\/pages\/2057","targetHints":{"allow":["GET"]}}],"collection":[{"href":"https:\/\/www.hotel-du-lavarin.fr\/en\/wp-json\/wp\/v2\/pages"}],"about":[{"href":"https:\/\/www.hotel-du-lavarin.fr\/en\/wp-json\/wp\/v2\/types\/page"}],"author":[{"embeddable":true,"href":"https:\/\/www.hotel-du-lavarin.fr\/en\/wp-json\/wp\/v2\/users\/8"}],"replies":[{"embeddable":true,"href":"https:\/\/www.hotel-du-lavarin.fr\/en\/wp-json\/wp\/v2\/comments?post=2057"}],"version-history":[{"count":15,"href":"https:\/\/www.hotel-du-lavarin.fr\/en\/wp-json\/wp\/v2\/pages\/2057\/revisions"}],"predecessor-version":[{"id":4578,"href":"https:\/\/www.hotel-du-lavarin.fr\/en\/wp-json\/wp\/v2\/pages\/2057\/revisions\/4578"}],"wp:attachment":[{"href":"https:\/\/www.hotel-du-lavarin.fr\/en\/wp-json\/wp\/v2\/media?parent=2057"}],"curies":[{"name":"wp","href":"https:\/\/api.w.org\/{rel}","templated":true}]}}